{"id":473,"date":"2023-05-24T15:27:46","date_gmt":"2023-05-24T13:27:46","guid":{"rendered":"https:\/\/rocamadourlabel.com\/?page_id=473"},"modified":"2023-05-24T15:39:46","modified_gmt":"2023-05-24T13:39:46","slug":"legal-notes","status":"publish","type":"page","link":"https:\/\/rocamadourlabel.com\/en\/legal-notes\/","title":{"rendered":"Legal notes"},"content":{"rendered":"<h3 class=\"p1\">Responsable de publication<\/h3>\n<p class=\"p1\">En cours\u2026<\/p>\n<h3 class=\"p1\">Cr\u00e9ation et r\u00e9alisation<\/h3>\n<p><a href=\"https:\/\/www.doublesalto.com\/\" target=\"_blank\" rel=\"noopener\">Double Salto<\/a><\/p>\n<h3 class=\"p1\">H\u00e9bergement<\/h3>\n<p class=\"p1\"><b>OVH<br \/>\n<\/b>SAS au capital de 10 059 500 \u20ac<br \/>\nRCS Lille M\u00e9tropole 424 761 419 00045<br \/>\nCode APE 6202A<br \/>\nN\u00b0 TVA : FR 22 424 761 419<br \/>\n2 rue Kellermann \u2013 59100 Roubaix \u2013 France<\/p>\n<p class=\"p1\">Les illustrations, dessins, textes, images anim\u00e9es ou fixes, vid\u00e9os, graphismes et tout autre \u00e9l\u00e9ment constituant le site web sont la propri\u00e9t\u00e9 exclusive de Label Rocamadour.<br \/>\nToute repr\u00e9sentation totale ou partielle de ce site par quelque proc\u00e9d\u00e9 que ce soit, sans l\u2019autorisation expresse de Label Rocamadour, est interdite et constituerait une contrefa\u00e7on sanctionn\u00e9e par les articles L.335-2 et suivants du Code de la propri\u00e9t\u00e9 intellectuelle.<\/p>\n","protected":false},"excerpt":{"rendered":"<p>Responsable de publication En cours\u2026 Cr\u00e9ation et r\u00e9alisation Double Salto H\u00e9bergement OVH SAS au capital de 10 059 500 \u20ac RCS Lille M\u00e9tropole 424 761 419 00045 Code APE 6202A N\u00b0 TVA : FR 22 424 761 419 2 rue Kellermann \u2013 59100 Roubaix \u2013 France Les illustrations, dessins, textes, images anim\u00e9es ou fixes, vid\u00e9os, [&hellip;]<\/p>\n","protected":false},"author":2,"featured_media":0,"parent":0,"menu_order":0,"comment_status":"closed","ping_status":"closed","template":"","meta":{"_acf_changed":false,"footnotes":""},"class_list":["post-473","page","type-page","status-publish","hentry"],"acf":[],"yoast_head":"<!-- This site is optimized with the Yoast SEO plugin v27.5 - https:\/\/yoast.com\/product\/yoast-seo-wordpress\/ -->\n<title>Legal notes | Label Rocamadour - Musique sacr\u00e9e<\/title>\n<meta name=\"robots\" content=\"index, follow, max-snippet:-1, max-image-preview:large, max-video-preview:-1\" \/>\n<link rel=\"canonical\" href=\"https:\/\/rocamadourlabel.com\/en\/legal-notes\/\" \/>\n<script type=\"application\/ld+json\" class=\"yoast-schema-graph\">{\"@context\":\"https:\\\/\\\/schema.org\",\"@graph\":[{\"@type\":\"WebPage\",\"@id\":\"https:\\\/\\\/rocamadourlabel.com\\\/en\\\/legal-notes\\\/\",\"url\":\"https:\\\/\\\/rocamadourlabel.com\\\/en\\\/legal-notes\\\/\",\"name\":\"Legal notes | Label Rocamadour - Musique sacr\u00e9e\",\"isPartOf\":{\"@id\":\"https:\\\/\\\/rocamadourlabel.com\\\/en\\\/#website\"},\"datePublished\":\"2023-05-24T13:27:46+00:00\",\"dateModified\":\"2023-05-24T13:39:46+00:00\",\"breadcrumb\":{\"@id\":\"https:\\\/\\\/rocamadourlabel.com\\\/en\\\/legal-notes\\\/#breadcrumb\"},\"inLanguage\":\"en-US\",\"potentialAction\":[{\"@type\":\"ReadAction\",\"target\":[\"https:\\\/\\\/rocamadourlabel.com\\\/en\\\/legal-notes\\\/\"]}]},{\"@type\":\"BreadcrumbList\",\"@id\":\"https:\\\/\\\/rocamadourlabel.com\\\/en\\\/legal-notes\\\/#breadcrumb\",\"itemListElement\":[{\"@type\":\"ListItem\",\"position\":1,\"name\":\"Accueil\",\"item\":\"https:\\\/\\\/rocamadourlabel.com\\\/en\\\/\"},{\"@type\":\"ListItem\",\"position\":2,\"name\":\"Legal notes\"}]},{\"@type\":\"WebSite\",\"@id\":\"https:\\\/\\\/rocamadourlabel.com\\\/en\\\/#website\",\"url\":\"https:\\\/\\\/rocamadourlabel.com\\\/en\\\/\",\"name\":\"Label Rocamadour - Musique sacr\u00e9e\",\"description\":\"\",\"potentialAction\":[{\"@type\":\"SearchAction\",\"target\":{\"@type\":\"EntryPoint\",\"urlTemplate\":\"https:\\\/\\\/rocamadourlabel.com\\\/en\\\/?s={search_term_string}\"},\"query-input\":{\"@type\":\"PropertyValueSpecification\",\"valueRequired\":true,\"valueName\":\"search_term_string\"}}],\"inLanguage\":\"en-US\"}]}<\/script>\n<!-- \/ Yoast SEO plugin. -->","yoast_head_json":{"title":"Legal notes | Label Rocamadour - Musique sacr\u00e9e","robots":{"index":"index","follow":"follow","max-snippet":"max-snippet:-1","max-image-preview":"max-image-preview:large","max-video-preview":"max-video-preview:-1"},"canonical":"https:\/\/rocamadourlabel.com\/en\/legal-notes\/","schema":{"@context":"https:\/\/schema.org","@graph":[{"@type":"WebPage","@id":"https:\/\/rocamadourlabel.com\/en\/legal-notes\/","url":"https:\/\/rocamadourlabel.com\/en\/legal-notes\/","name":"Legal notes | Label Rocamadour - Musique sacr\u00e9e","isPartOf":{"@id":"https:\/\/rocamadourlabel.com\/en\/#website"},"datePublished":"2023-05-24T13:27:46+00:00","dateModified":"2023-05-24T13:39:46+00:00","breadcrumb":{"@id":"https:\/\/rocamadourlabel.com\/en\/legal-notes\/#breadcrumb"},"inLanguage":"en-US","potentialAction":[{"@type":"ReadAction","target":["https:\/\/rocamadourlabel.com\/en\/legal-notes\/"]}]},{"@type":"BreadcrumbList","@id":"https:\/\/rocamadourlabel.com\/en\/legal-notes\/#breadcrumb","itemListElement":[{"@type":"ListItem","position":1,"name":"Accueil","item":"https:\/\/rocamadourlabel.com\/en\/"},{"@type":"ListItem","position":2,"name":"Legal notes"}]},{"@type":"WebSite","@id":"https:\/\/rocamadourlabel.com\/en\/#website","url":"https:\/\/rocamadourlabel.com\/en\/","name":"Label Rocamadour - Musique sacr\u00e9e","description":"","potentialAction":[{"@type":"SearchAction","target":{"@type":"EntryPoint","urlTemplate":"https:\/\/rocamadourlabel.com\/en\/?s={search_term_string}"},"query-input":{"@type":"PropertyValueSpecification","valueRequired":true,"valueName":"search_term_string"}}],"inLanguage":"en-US"}]}},"_links":{"self":[{"href":"https:\/\/rocamadourlabel.com\/en\/wp-json\/wp\/v2\/pages\/473","targetHints":{"allow":["GET"]}}],"collection":[{"href":"https:\/\/rocamadourlabel.com\/en\/wp-json\/wp\/v2\/pages"}],"about":[{"href":"https:\/\/rocamadourlabel.com\/en\/wp-json\/wp\/v2\/types\/page"}],"author":[{"embeddable":true,"href":"https:\/\/rocamadourlabel.com\/en\/wp-json\/wp\/v2\/users\/2"}],"replies":[{"embeddable":true,"href":"https:\/\/rocamadourlabel.com\/en\/wp-json\/wp\/v2\/comments?post=473"}],"version-history":[{"count":2,"href":"https:\/\/rocamadourlabel.com\/en\/wp-json\/wp\/v2\/pages\/473\/revisions"}],"predecessor-version":[{"id":475,"href":"https:\/\/rocamadourlabel.com\/en\/wp-json\/wp\/v2\/pages\/473\/revisions\/475"}],"wp:attachment":[{"href":"https:\/\/rocamadourlabel.com\/en\/wp-json\/wp\/v2\/media?parent=473"}],"curies":[{"name":"wp","href":"https:\/\/api.w.org\/{rel}","templated":true}]}}